{"id":16,"date":"2019-03-02T08:02:43","date_gmt":"2019-03-02T07:02:43","guid":{"rendered":"http:\/\/accentvisuel.fr\/?page_id=16"},"modified":"2019-03-10T10:26:44","modified_gmt":"2019-03-10T09:26:44","slug":"web","status":"publish","type":"page","link":"https:\/\/accentvisuel.fr\/index.php\/web\/","title":{"rendered":"Web"},"content":{"rendered":"<p><div class=\"fusion-fullwidth fullwidth-box fusion-builder-row-1 nonhundred-percent-fullwidth non-hundred-percent-height-scrolling\" style=\"--awb-border-radius-top-left:0px;--awb-border-radius-top-right:0px;--awb-border-radius-bottom-right:0px;--awb-border-radius-bottom-left:0px;--awb-flex-wrap:wrap;\" ><div class=\"fusion-builder-row fusion-row\"><div class=\"fusion-layout-column fusion_builder_column fusion-builder-column-0 fusion_builder_column_2_3 2_3 fusion-two-third fusion-column-first\" style=\"--awb-bg-size:cover;width:66.666666666667%;width:calc(66.666666666667% - ( ( 4% ) * 0.66666666666667 ) );margin-right: 4%;\"><div class=\"fusion-column-wrapper fusion-flex-column-wrapper-legacy\"><div class=\"fusion-text fusion-text-1\"><h1><span style=\"color: #cc061d;\">Internet,votre outil de communication incontournable.<\/span><\/h1>\n<h2><span style=\"color: #808080;\">Accent visuel Web design r\u00e9alise des interfaces ergonomiques et efficaces dans le but de faciliter la navigation et l&rsquo;administration.<\/span><\/h2>\n<\/div><div class=\"fusion-clearfix\"><\/div><\/div><\/div><div class=\"fusion-layout-column fusion_builder_column fusion-builder-column-1 fusion_builder_column_1_3 1_3 fusion-one-third fusion-column-last\" style=\"--awb-bg-size:cover;width:33.333333333333%;width:calc(33.333333333333% - ( ( 4% ) * 0.33333333333333 ) );\"><div class=\"fusion-column-wrapper fusion-flex-column-wrapper-legacy\"><div class=\"fusion-text fusion-text-2\"><h1><span style=\"color: #cc061d;\">Notre philosophie.<\/span><\/h1>\n<h2><span style=\"color: #808080;\">Vous proposer un support personnalis\u00e9 respectant votre charte graphique et dimensionn\u00e9 en fonction de vos besoins et des \u00e9volutions futures. Cr\u00e9ation &#8211; Photos &#8211; Design &#8211; R\u00e9alisation<\/span><\/h2>\n<\/div><div class=\"fusion-clearfix\"><\/div><\/div><\/div><\/div><\/div><div class=\"fusion-fullwidth fullwidth-box fusion-builder-row-2 nonhundred-percent-fullwidth non-hundred-percent-height-scrolling\" style=\"--awb-border-radius-top-left:0px;--awb-border-radius-top-right:0px;--awb-border-radius-bottom-right:0px;--awb-border-radius-bottom-left:0px;--awb-flex-wrap:wrap;\" ><div class=\"fusion-builder-row fusion-row\"><div class=\"fusion-layout-column fusion_builder_column fusion-builder-column-2 fusion_builder_column_1_1 1_1 fusion-one-full fusion-column-first fusion-column-last\" style=\"--awb-bg-size:cover;\"><div class=\"fusion-column-wrapper fusion-flex-column-wrapper-legacy\"><div class=\"fusion-image-carousel fusion-image-carousel-auto fusion-image-carousel-1 lightbox-enabled\"><div class=\"awb-carousel awb-swiper awb-swiper-carousel\" data-autoplay=\"yes\" data-columns=\"3\" data-itemmargin=\"0\" data-itemwidth=\"180\" data-touchscroll=\"no\" data-imagesize=\"auto\" style=\"--awb-columns:3;--awb-column-spacing:0px;\"><div class=\"swiper-wrapper awb-image-carousel-wrapper fusion-flex-align-items-center\"><div class=\"swiper-slide\"><div class=\"fusion-carousel-item-wrapper\"><div class=\"fusion-image-wrapper hover-type-liftup\"><a data-rel=\"iLightbox[image_carousel_1]\" data-title=\"\u00a9Accent Visuel-Jean HAEUSSER Ecran 5\" aria-label=\"\u00a9Accent Visuel-Jean HAEUSSER Ecran 5\" href=\"http:\/\/conseil-strategie-organisation.fr\" target=\"_blank\" rel=\"noopener noreferrer\"><img decoding=\"async\" width=\"2065\" height=\"1243\" src=\"https:\/\/accentvisuel.fr\/wp-content\/uploads\/2019\/03\/\u00a9Accent-Visuel-Jean-HAEUSSER-Ecran-5.png\" class=\"attachment-full size-full\" alt=\"http:\/\/conseil-strategie-organisation.fr\" srcset=\"https:\/\/accentvisuel.fr\/wp-content\/uploads\/2019\/03\/\u00a9Accent-Visuel-Jean-HAEUSSER-Ecran-5-200x120.png 200w, https:\/\/accentvisuel.fr\/wp-content\/uploads\/2019\/03\/\u00a9Accent-Visuel-Jean-HAEUSSER-Ecran-5-400x241.png 400w, https:\/\/accentvisuel.fr\/wp-content\/uploads\/2019\/03\/\u00a9Accent-Visuel-Jean-HAEUSSER-Ecran-5-600x361.png 600w, https:\/\/accentvisuel.fr\/wp-content\/uploads\/2019\/03\/\u00a9Accent-Visuel-Jean-HAEUSSER-Ecran-5-800x482.png 800w, https:\/\/accentvisuel.fr\/wp-content\/uploads\/2019\/03\/\u00a9Accent-Visuel-Jean-HAEUSSER-Ecran-5-1200x722.png 1200w, https:\/\/accentvisuel.fr\/wp-content\/uploads\/2019\/03\/\u00a9Accent-Visuel-Jean-HAEUSSER-Ecran-5.png 2065w\" sizes=\"(min-width: 2200px) 100vw, (min-width: 784px) 400px, (min-width: 712px) 600px, (min-width: 640px) 712px, \" \/><\/a><\/div><\/div><\/div><div class=\"swiper-slide\"><div class=\"fusion-carousel-item-wrapper\"><div class=\"fusion-image-wrapper hover-type-liftup\"><a data-rel=\"iLightbox[image_carousel_1]\" data-title=\"\u00a9Accent Visuel-Jean HAEUSSER Ecran 4\" aria-label=\"\u00a9Accent Visuel-Jean HAEUSSER Ecran 4\" href=\"http:\/\/www.ccmc-avocats-strasbourg.fr\" target=\"_blank\" rel=\"noopener noreferrer\"><img decoding=\"async\" width=\"2070\" height=\"1203\" src=\"https:\/\/accentvisuel.fr\/wp-content\/uploads\/2019\/03\/\u00a9Accent-Visuel-Jean-HAEUSSER-Ecran-4.png\" class=\"attachment-full size-full\" alt=\"http:\/\/www.ccmc-avocats-strasbourg.fr\" srcset=\"https:\/\/accentvisuel.fr\/wp-content\/uploads\/2019\/03\/\u00a9Accent-Visuel-Jean-HAEUSSER-Ecran-4-200x116.png 200w, https:\/\/accentvisuel.fr\/wp-content\/uploads\/2019\/03\/\u00a9Accent-Visuel-Jean-HAEUSSER-Ecran-4-400x232.png 400w, https:\/\/accentvisuel.fr\/wp-content\/uploads\/2019\/03\/\u00a9Accent-Visuel-Jean-HAEUSSER-Ecran-4-600x349.png 600w, https:\/\/accentvisuel.fr\/wp-content\/uploads\/2019\/03\/\u00a9Accent-Visuel-Jean-HAEUSSER-Ecran-4-800x465.png 800w, https:\/\/accentvisuel.fr\/wp-content\/uploads\/2019\/03\/\u00a9Accent-Visuel-Jean-HAEUSSER-Ecran-4-1200x697.png 1200w, https:\/\/accentvisuel.fr\/wp-content\/uploads\/2019\/03\/\u00a9Accent-Visuel-Jean-HAEUSSER-Ecran-4.png 2070w\" sizes=\"(min-width: 2200px) 100vw, (min-width: 784px) 400px, (min-width: 712px) 600px, (min-width: 640px) 712px, \" \/><\/a><\/div><\/div><\/div><div class=\"swiper-slide\"><div class=\"fusion-carousel-item-wrapper\"><div class=\"fusion-image-wrapper hover-type-liftup\"><a data-rel=\"iLightbox[image_carousel_1]\" data-title=\"\u00a9Accent Visuel-Jean HAEUSSER Ecran 13\" aria-label=\"\u00a9Accent Visuel-Jean HAEUSSER Ecran 13\" href=\"http:\/\/saert.fr\" target=\"_blank\" rel=\"noopener noreferrer\"><img decoding=\"async\" width=\"1539\" height=\"1217\" src=\"https:\/\/accentvisuel.fr\/wp-content\/uploads\/2019\/03\/\u00a9Accent-Visuel-Jean-HAEUSSER-Ecran-13.png\" class=\"attachment-full size-full\" alt=\"http:\/\/saert.fr\" srcset=\"https:\/\/accentvisuel.fr\/wp-content\/uploads\/2019\/03\/\u00a9Accent-Visuel-Jean-HAEUSSER-Ecran-13-200x158.png 200w, https:\/\/accentvisuel.fr\/wp-content\/uploads\/2019\/03\/\u00a9Accent-Visuel-Jean-HAEUSSER-Ecran-13-400x316.png 400w, https:\/\/accentvisuel.fr\/wp-content\/uploads\/2019\/03\/\u00a9Accent-Visuel-Jean-HAEUSSER-Ecran-13-600x474.png 600w, https:\/\/accentvisuel.fr\/wp-content\/uploads\/2019\/03\/\u00a9Accent-Visuel-Jean-HAEUSSER-Ecran-13-800x633.png 800w, https:\/\/accentvisuel.fr\/wp-content\/uploads\/2019\/03\/\u00a9Accent-Visuel-Jean-HAEUSSER-Ecran-13-1200x949.png 1200w, https:\/\/accentvisuel.fr\/wp-content\/uploads\/2019\/03\/\u00a9Accent-Visuel-Jean-HAEUSSER-Ecran-13.png 1539w\" sizes=\"(min-width: 2200px) 100vw, (min-width: 784px) 400px, (min-width: 712px) 600px, (min-width: 640px) 712px, \" \/><\/a><\/div><\/div><\/div><div class=\"swiper-slide\"><div class=\"fusion-carousel-item-wrapper\"><div class=\"fusion-image-wrapper hover-type-liftup\"><a data-rel=\"iLightbox[image_carousel_1]\" data-title=\"\u00a9Accent Visuel-Jean HAEUSSER Ecran 14\" aria-label=\"\u00a9Accent Visuel-Jean HAEUSSER Ecran 14\" href=\"http:\/\/www.sophrologie-caycedienne.fr\" target=\"_blank\" rel=\"noopener noreferrer\"><img decoding=\"async\" width=\"1624\" height=\"1096\" src=\"https:\/\/accentvisuel.fr\/wp-content\/uploads\/2019\/03\/\u00a9Accent-Visuel-Jean-HAEUSSER-Ecran-14.png\" class=\"attachment-full size-full\" alt=\"http:\/\/www.sophrologie-caycedienne.fr\" srcset=\"https:\/\/accentvisuel.fr\/wp-content\/uploads\/2019\/03\/\u00a9Accent-Visuel-Jean-HAEUSSER-Ecran-14-200x135.png 200w, https:\/\/accentvisuel.fr\/wp-content\/uploads\/2019\/03\/\u00a9Accent-Visuel-Jean-HAEUSSER-Ecran-14-400x270.png 400w, https:\/\/accentvisuel.fr\/wp-content\/uploads\/2019\/03\/\u00a9Accent-Visuel-Jean-HAEUSSER-Ecran-14-600x405.png 600w, https:\/\/accentvisuel.fr\/wp-content\/uploads\/2019\/03\/\u00a9Accent-Visuel-Jean-HAEUSSER-Ecran-14-800x540.png 800w, https:\/\/accentvisuel.fr\/wp-content\/uploads\/2019\/03\/\u00a9Accent-Visuel-Jean-HAEUSSER-Ecran-14-1200x810.png 1200w, https:\/\/accentvisuel.fr\/wp-content\/uploads\/2019\/03\/\u00a9Accent-Visuel-Jean-HAEUSSER-Ecran-14.png 1624w\" sizes=\"(min-width: 2200px) 100vw, (min-width: 784px) 400px, (min-width: 712px) 600px, (min-width: 640px) 712px, \" \/><\/a><\/div><\/div><\/div><div class=\"swiper-slide\"><div class=\"fusion-carousel-item-wrapper\"><div class=\"fusion-image-wrapper hover-type-liftup\"><a data-rel=\"iLightbox[image_carousel_1]\" data-title=\"\u00a9Accent Visuel-Jean HAEUSSER Ecran 16\" aria-label=\"\u00a9Accent Visuel-Jean HAEUSSER Ecran 16\" href=\"http:\/\/c-lasvigne.fr\" target=\"_blank\" rel=\"noopener noreferrer\"><img decoding=\"async\" width=\"1627\" height=\"977\" src=\"https:\/\/accentvisuel.fr\/wp-content\/uploads\/2019\/03\/\u00a9Accent-Visuel-Jean-HAEUSSER-Ecran-16.png\" class=\"attachment-full size-full\" alt=\"http:\/\/c-lasvigne.fr\" srcset=\"https:\/\/accentvisuel.fr\/wp-content\/uploads\/2019\/03\/\u00a9Accent-Visuel-Jean-HAEUSSER-Ecran-16-200x120.png 200w, https:\/\/accentvisuel.fr\/wp-content\/uploads\/2019\/03\/\u00a9Accent-Visuel-Jean-HAEUSSER-Ecran-16-400x240.png 400w, https:\/\/accentvisuel.fr\/wp-content\/uploads\/2019\/03\/\u00a9Accent-Visuel-Jean-HAEUSSER-Ecran-16-600x360.png 600w, https:\/\/accentvisuel.fr\/wp-content\/uploads\/2019\/03\/\u00a9Accent-Visuel-Jean-HAEUSSER-Ecran-16-800x480.png 800w, https:\/\/accentvisuel.fr\/wp-content\/uploads\/2019\/03\/\u00a9Accent-Visuel-Jean-HAEUSSER-Ecran-16-1200x721.png 1200w, https:\/\/accentvisuel.fr\/wp-content\/uploads\/2019\/03\/\u00a9Accent-Visuel-Jean-HAEUSSER-Ecran-16.png 1627w\" sizes=\"(min-width: 2200px) 100vw, (min-width: 784px) 400px, (min-width: 712px) 600px, (min-width: 640px) 712px, \" \/><\/a><\/div><\/div><\/div><div class=\"swiper-slide\"><div class=\"fusion-carousel-item-wrapper\"><div class=\"fusion-image-wrapper hover-type-liftup\"><a data-rel=\"iLightbox[image_carousel_1]\" data-title=\"\u00a9Accent Visuel-Jean HAEUSSER Ecran 8\" aria-label=\"\u00a9Accent Visuel-Jean HAEUSSER Ecran 8\" href=\"http:\/\/scicadiam.fr\" target=\"_blank\" rel=\"noopener noreferrer\"><img decoding=\"async\" width=\"2003\" height=\"1272\" src=\"https:\/\/accentvisuel.fr\/wp-content\/uploads\/2019\/03\/\u00a9Accent-Visuel-Jean-HAEUSSER-Ecran-8.png\" class=\"attachment-full size-full\" alt=\"http:\/\/scicadiam.fr\" srcset=\"https:\/\/accentvisuel.fr\/wp-content\/uploads\/2019\/03\/\u00a9Accent-Visuel-Jean-HAEUSSER-Ecran-8-200x127.png 200w, https:\/\/accentvisuel.fr\/wp-content\/uploads\/2019\/03\/\u00a9Accent-Visuel-Jean-HAEUSSER-Ecran-8-400x254.png 400w, https:\/\/accentvisuel.fr\/wp-content\/uploads\/2019\/03\/\u00a9Accent-Visuel-Jean-HAEUSSER-Ecran-8-600x381.png 600w, https:\/\/accentvisuel.fr\/wp-content\/uploads\/2019\/03\/\u00a9Accent-Visuel-Jean-HAEUSSER-Ecran-8-800x508.png 800w, https:\/\/accentvisuel.fr\/wp-content\/uploads\/2019\/03\/\u00a9Accent-Visuel-Jean-HAEUSSER-Ecran-8-1200x762.png 1200w, https:\/\/accentvisuel.fr\/wp-content\/uploads\/2019\/03\/\u00a9Accent-Visuel-Jean-HAEUSSER-Ecran-8.png 2003w\" sizes=\"(min-width: 2200px) 100vw, (min-width: 784px) 400px, (min-width: 712px) 600px, (min-width: 640px) 712px, \" \/><\/a><\/div><\/div><\/div><div class=\"swiper-slide\"><div class=\"fusion-carousel-item-wrapper\"><div class=\"fusion-image-wrapper hover-type-liftup\"><a data-rel=\"iLightbox[image_carousel_1]\" data-title=\"\u00a9Accent Visuel-Jean HAEUSSER Ecran 1\" aria-label=\"\u00a9Accent Visuel-Jean HAEUSSER Ecran 1\" href=\"http:\/\/iso-dis.com\" target=\"_blank\" rel=\"noopener noreferrer\"><img decoding=\"async\" width=\"2026\" height=\"1086\" src=\"https:\/\/accentvisuel.fr\/wp-content\/uploads\/2019\/03\/\u00a9Accent-Visuel-Jean-HAEUSSER-Ecran-1.png\" class=\"attachment-full size-full\" alt=\"http:\/\/iso-dis.com\" srcset=\"https:\/\/accentvisuel.fr\/wp-content\/uploads\/2019\/03\/\u00a9Accent-Visuel-Jean-HAEUSSER-Ecran-1-200x107.png 200w, https:\/\/accentvisuel.fr\/wp-content\/uploads\/2019\/03\/\u00a9Accent-Visuel-Jean-HAEUSSER-Ecran-1-400x214.png 400w, https:\/\/accentvisuel.fr\/wp-content\/uploads\/2019\/03\/\u00a9Accent-Visuel-Jean-HAEUSSER-Ecran-1-600x322.png 600w, https:\/\/accentvisuel.fr\/wp-content\/uploads\/2019\/03\/\u00a9Accent-Visuel-Jean-HAEUSSER-Ecran-1-800x429.png 800w, https:\/\/accentvisuel.fr\/wp-content\/uploads\/2019\/03\/\u00a9Accent-Visuel-Jean-HAEUSSER-Ecran-1-1200x643.png 1200w, https:\/\/accentvisuel.fr\/wp-content\/uploads\/2019\/03\/\u00a9Accent-Visuel-Jean-HAEUSSER-Ecran-1.png 2026w\" sizes=\"(min-width: 2200px) 100vw, (min-width: 784px) 400px, (min-width: 712px) 600px, (min-width: 640px) 712px, \" \/><\/a><\/div><\/div><\/div><\/div><div class=\"awb-swiper-button awb-swiper-button-prev\"><i class=\"awb-icon-angle-left\" aria-hidden=\"true\"><\/i><\/div><div class=\"awb-swiper-button awb-swiper-button-next\"><i class=\"awb-icon-angle-right\" aria-hidden=\"true\"><\/i><\/div><\/div><\/div><div class=\"fusion-clearfix\"><\/div><\/div><\/div><\/div><\/div><\/p>\n","protected":false},"excerpt":{"rendered":"","protected":false},"author":1,"featured_media":0,"parent":0,"menu_order":0,"comment_status":"closed","ping_status":"closed","template":"","meta":{"footnotes":""},"class_list":["post-16","page","type-page","status-publish","hentry"],"_links":{"self":[{"href":"https:\/\/accentvisuel.fr\/index.php\/wp-json\/wp\/v2\/pages\/16"}],"collection":[{"href":"https:\/\/accentvisuel.fr\/index.php\/wp-json\/wp\/v2\/pages"}],"about":[{"href":"https:\/\/accentvisuel.fr\/index.php\/wp-json\/wp\/v2\/types\/page"}],"author":[{"embeddable":true,"href":"https:\/\/accentvisuel.fr\/index.php\/wp-json\/wp\/v2\/users\/1"}],"replies":[{"embeddable":true,"href":"https:\/\/accentvisuel.fr\/index.php\/wp-json\/wp\/v2\/comments?post=16"}],"version-history":[{"count":11,"href":"https:\/\/accentvisuel.fr\/index.php\/wp-json\/wp\/v2\/pages\/16\/revisions"}],"predecessor-version":[{"id":981,"href":"https:\/\/accentvisuel.fr\/index.php\/wp-json\/wp\/v2\/pages\/16\/revisions\/981"}],"wp:attachment":[{"href":"https:\/\/accentvisuel.fr\/index.php\/wp-json\/wp\/v2\/media?parent=16"}],"curies":[{"name":"wp","href":"https:\/\/api.w.org\/{rel}","templated":true}]}}